{"id":4484,"date":"2023-04-24T23:33:01","date_gmt":"2023-04-24T21:33:01","guid":{"rendered":"https:\/\/lasmoradas.info68.es\/en\/?page_id=4484"},"modified":"2023-04-25T00:18:23","modified_gmt":"2023-04-24T22:18:23","slug":"visita-autoguiada-literatura","status":"publish","type":"page","link":"https:\/\/lasmoradasdesanmartin.es\/en\/visita-autoguiada-literatura\/","title":{"rendered":"Visita autoguiada: LITERATURA"},"content":{"rendered":"\t\t<div data-elementor-type=\"wp-page\" data-elementor-id=\"4484\" class=\"elementor elementor-4484\" data-elementor-post-type=\"page\">\n\t\t\t\t<div class=\"elementor-element elementor-element-60a20f3 e-con-full e-flex e-con e-parent\" data-id=\"60a20f3\" data-element_type=\"container\" data-e-type=\"container\">\n\t\t\t\t<div class=\"elementor-element elementor-element-854517c elementor-widget__width-initial elementor-widget elementor-widget-image\" data-id=\"854517c\" data-element_type=\"widget\" data-e-type=\"widget\" data-widget_type=\"image.default\">\n\t\t\t\t<div class=\"elementor-widget-container\">\n\t\t\t\t\t\t\t\t\t\t\t\t\t\t\t<img fetchpriority=\"high\" decoding=\"async\" width=\"2048\" height=\"464\" src=\"https:\/\/lasmoradasdesanmartin.es\/en\/wp-content\/uploads\/sites\/3\/CABECERA-WEB_SENDA-2048x464-1.jpg\" class=\"attachment-large size-large wp-image-4486\" alt=\"\" srcset=\"https:\/\/lasmoradasdesanmartin.es\/en\/wp-content\/uploads\/sites\/3\/CABECERA-WEB_SENDA-2048x464-1.jpg 2048w, https:\/\/lasmoradasdesanmartin.es\/en\/wp-content\/uploads\/sites\/3\/CABECERA-WEB_SENDA-2048x464-1-768x174.jpg 768w, https:\/\/lasmoradasdesanmartin.es\/en\/wp-content\/uploads\/sites\/3\/CABECERA-WEB_SENDA-2048x464-1-1536x348.jpg 1536w, https:\/\/lasmoradasdesanmartin.es\/en\/wp-content\/uploads\/sites\/3\/CABECERA-WEB_SENDA-2048x464-1-600x136.jpg 600w\" sizes=\"(max-width: 2048px) 100vw, 2048px\" \/>\t\t\t\t\t\t\t\t\t\t\t\t\t\t\t<\/div>\n\t\t\t\t<\/div>\n\t\t\t\t<\/div>\n\t\t<div class=\"elementor-element elementor-element-94c1bec e-flex e-con-boxed e-con e-parent\" data-id=\"94c1bec\" data-element_type=\"container\" data-e-type=\"container\" data-settings=\"{&quot;motion_fx_motion_fx_scrolling&quot;:&quot;yes&quot;,&quot;motion_fx_opacity_effect&quot;:&quot;yes&quot;,&quot;motion_fx_opacity_range&quot;:{&quot;unit&quot;:&quot;%&quot;,&quot;size&quot;:&quot;&quot;,&quot;sizes&quot;:{&quot;start&quot;:9,&quot;end&quot;:26}},&quot;motion_fx_opacity_direction&quot;:&quot;out-in&quot;,&quot;motion_fx_opacity_level&quot;:{&quot;unit&quot;:&quot;px&quot;,&quot;size&quot;:10,&quot;sizes&quot;:[]},&quot;motion_fx_devices&quot;:[&quot;desktop&quot;,&quot;tablet&quot;,&quot;mobile&quot;]}\">\n\t\t\t\t\t<div class=\"e-con-inner\">\n\t\t\t\t<div class=\"elementor-element elementor-element-b4a7c79 elementor-widget__width-inherit elementor-widget elementor-widget-heading\" data-id=\"b4a7c79\" data-element_type=\"widget\" data-e-type=\"widget\" data-widget_type=\"heading.default\">\n\t\t\t\t<div class=\"elementor-widget-container\">\n\t\t\t\t\t<h2 class=\"elementor-heading-title elementor-size-default\">Visita autoguiada: LITERATURA<\/h2>\t\t\t\t<\/div>\n\t\t\t\t<\/div>\n\t\t\t\t<div class=\"elementor-element elementor-element-7ad1cab elementor-widget elementor-widget-text-editor\" data-id=\"7ad1cab\" data-element_type=\"widget\" data-e-type=\"widget\" data-widget_type=\"text-editor.default\">\n\t\t\t\t<div class=\"elementor-widget-container\">\n\t\t\t\t\t\t\t\t\t<p><strong>Somos vinos de autor<\/strong><\/p><p>\u00bfPor qu\u00e9 somos Las Moradas y por qu\u00e9 las etiquetas de nuestros vinos cuentan con un relato \u00fanico?<\/p><p>Desc\u00fabrelo\u2026<\/p>\t\t\t\t\t\t\t\t<\/div>\n\t\t\t\t<\/div>\n\t\t\t\t<div class=\"elementor-element elementor-element-45ac5d1 elementor-widget elementor-widget-text-editor\" data-id=\"45ac5d1\" data-element_type=\"widget\" data-e-type=\"widget\" data-widget_type=\"text-editor.default\">\n\t\t\t\t<div class=\"elementor-widget-container\">\n\t\t\t\t\t\t\t\t\t<audio class=\"wp-audio-shortcode\" id=\"audio-4484-1\" preload=\"none\" style=\"width: 100%;\" controls=\"controls\"><source type=\"audio\/wav\" src=\"https:\/\/lasmoradasdesanmartin.es\/en\/wp-content\/uploads\/521-LAS-MORADAS-DE-SAN-MARTIN-4-literatura-OK-OK.wav?_=1\" \/><a href=\"https:\/\/lasmoradasdesanmartin.es\/en\/wp-content\/uploads\/521-LAS-MORADAS-DE-SAN-MARTIN-4-literatura-OK-OK.wav\">https:\/\/lasmoradasdesanmartin.es\/en\/wp-content\/uploads\/521-LAS-MORADAS-DE-SAN-MARTIN-4-literatura-OK-OK.wav<\/a><\/audio>\t\t\t\t\t\t\t\t<\/div>\n\t\t\t\t<\/div>\n\t\t\t\t\t<\/div>\n\t\t\t\t<\/div>\n\t\t\t\t<\/div>\n\t\t","protected":false},"excerpt":{"rendered":"<p>Somos vinos de autor \u00bfPor qu\u00e9 somos Las Moradas y por qu\u00e9 las etiquetas de nuestros vinos cuentan con un relato \u00fanico? Desc\u00fabrelo\u2026 https:\/\/lasmoradas.info68.es\/en\/wp-content\/uploads\/sites\/3\/521-LAS-MORADAS-DE-SAN-MARTIN-4-literatura-OK-OK.wav<\/p>\n","protected":false},"author":1,"featured_media":0,"parent":0,"menu_order":0,"comment_status":"closed","ping_status":"closed","template":"elementor_header_footer","meta":{"footnotes":""},"class_list":["post-4484","page","type-page","status-publish","hentry"],"yoast_head":"<!-- This site is optimized with the Yoast SEO plugin v27.3 - https:\/\/yoast.com\/product\/yoast-seo-wordpress\/ -->\n<title>Visita autoguiada: LITERATURA - Las Moradas de San Mart\u00edn<\/title>\n<meta name=\"robots\" content=\"noindex, follow, max-snippet:-1, max-image-preview:large, max-video-preview:-1\" \/>\n<meta property=\"og:locale\" content=\"en_US\" \/>\n<meta property=\"og:type\" content=\"article\" \/>\n<meta property=\"og:title\" content=\"Visita autoguiada: LITERATURA - Las Moradas de San Mart\u00edn\" \/>\n<meta property=\"og:description\" content=\"Somos vinos de autor \u00bfPor qu\u00e9 somos Las Moradas y por qu\u00e9 las etiquetas de nuestros vinos cuentan con un relato \u00fanico? Desc\u00fabrelo\u2026 https:\/\/lasmoradas.info68.es\/en\/wp-content\/uploads\/sites\/3\/521-LAS-MORADAS-DE-SAN-MARTIN-4-literatura-OK-OK.wav\" \/>\n<meta property=\"og:url\" content=\"https:\/\/lasmoradasdesanmartin.es\/en\/visita-autoguiada-literatura\/\" \/>\n<meta property=\"og:site_name\" content=\"Las Moradas de San Mart\u00edn\" \/>\n<meta property=\"article:modified_time\" content=\"2023-04-24T22:18:23+00:00\" \/>\n<meta property=\"og:image\" content=\"https:\/\/lasmoradas.info68.es\/en\/wp-content\/uploads\/sites\/3\/CABECERA-WEB_SENDA-2048x464-1.jpg\" \/>\n<meta name=\"twitter:card\" content=\"summary_large_image\" \/>\n<script type=\"application\/ld+json\" class=\"yoast-schema-graph\">{\"@context\":\"https:\\\/\\\/schema.org\",\"@graph\":[{\"@type\":\"WebPage\",\"@id\":\"https:\\\/\\\/lasmoradasdesanmartin.es\\\/en\\\/visita-autoguiada-literatura\\\/\",\"url\":\"https:\\\/\\\/lasmoradasdesanmartin.es\\\/en\\\/visita-autoguiada-literatura\\\/\",\"name\":\"Visita autoguiada: LITERATURA - Las Moradas de San Mart\u00edn\",\"isPartOf\":{\"@id\":\"https:\\\/\\\/lasmoradasdesanmartin.es\\\/en\\\/#website\"},\"primaryImageOfPage\":{\"@id\":\"https:\\\/\\\/lasmoradasdesanmartin.es\\\/en\\\/visita-autoguiada-literatura\\\/#primaryimage\"},\"image\":{\"@id\":\"https:\\\/\\\/lasmoradasdesanmartin.es\\\/en\\\/visita-autoguiada-literatura\\\/#primaryimage\"},\"thumbnailUrl\":\"https:\\\/\\\/lasmoradas.info68.es\\\/en\\\/wp-content\\\/uploads\\\/sites\\\/3\\\/CABECERA-WEB_SENDA-2048x464-1.jpg\",\"datePublished\":\"2023-04-24T21:33:01+00:00\",\"dateModified\":\"2023-04-24T22:18:23+00:00\",\"breadcrumb\":{\"@id\":\"https:\\\/\\\/lasmoradasdesanmartin.es\\\/en\\\/visita-autoguiada-literatura\\\/#breadcrumb\"},\"inLanguage\":\"en-US\",\"potentialAction\":[{\"@type\":\"ReadAction\",\"target\":[\"https:\\\/\\\/lasmoradasdesanmartin.es\\\/en\\\/visita-autoguiada-literatura\\\/\"]}]},{\"@type\":\"ImageObject\",\"inLanguage\":\"en-US\",\"@id\":\"https:\\\/\\\/lasmoradasdesanmartin.es\\\/en\\\/visita-autoguiada-literatura\\\/#primaryimage\",\"url\":\"https:\\\/\\\/lasmoradas.info68.es\\\/en\\\/wp-content\\\/uploads\\\/sites\\\/3\\\/CABECERA-WEB_SENDA-2048x464-1.jpg\",\"contentUrl\":\"https:\\\/\\\/lasmoradas.info68.es\\\/en\\\/wp-content\\\/uploads\\\/sites\\\/3\\\/CABECERA-WEB_SENDA-2048x464-1.jpg\"},{\"@type\":\"BreadcrumbList\",\"@id\":\"https:\\\/\\\/lasmoradasdesanmartin.es\\\/en\\\/visita-autoguiada-literatura\\\/#breadcrumb\",\"itemListElement\":[{\"@type\":\"ListItem\",\"position\":1,\"name\":\"Portada\",\"item\":\"https:\\\/\\\/lasmoradasdesanmartin.es\\\/en\\\/\"},{\"@type\":\"ListItem\",\"position\":2,\"name\":\"Visita autoguiada: LITERATURA\"}]},{\"@type\":\"WebSite\",\"@id\":\"https:\\\/\\\/lasmoradasdesanmartin.es\\\/en\\\/#website\",\"url\":\"https:\\\/\\\/lasmoradasdesanmartin.es\\\/en\\\/\",\"name\":\"Las Moradas de San Mart\u00edn\",\"description\":\"Bodegas San Mart\u00edn. Vinos D.O. Madrid\",\"publisher\":{\"@id\":\"https:\\\/\\\/lasmoradasdesanmartin.es\\\/en\\\/#organization\"},\"potentialAction\":[{\"@type\":\"SearchAction\",\"target\":{\"@type\":\"EntryPoint\",\"urlTemplate\":\"https:\\\/\\\/lasmoradasdesanmartin.es\\\/en\\\/?s={search_term_string}\"},\"query-input\":{\"@type\":\"PropertyValueSpecification\",\"valueRequired\":true,\"valueName\":\"search_term_string\"}}],\"inLanguage\":\"en-US\"},{\"@type\":\"Organization\",\"@id\":\"https:\\\/\\\/lasmoradasdesanmartin.es\\\/en\\\/#organization\",\"name\":\"Las Moradas de San Mart\u00edn\",\"url\":\"https:\\\/\\\/lasmoradasdesanmartin.es\\\/en\\\/\",\"logo\":{\"@type\":\"ImageObject\",\"inLanguage\":\"en-US\",\"@id\":\"https:\\\/\\\/lasmoradasdesanmartin.es\\\/en\\\/#\\\/schema\\\/logo\\\/image\\\/\",\"url\":\"https:\\\/\\\/lasmoradasdesanmartin.es\\\/en\\\/wp-content\\\/uploads\\\/sites\\\/3\\\/LogotipoLM.webp\",\"contentUrl\":\"https:\\\/\\\/lasmoradasdesanmartin.es\\\/en\\\/wp-content\\\/uploads\\\/sites\\\/3\\\/LogotipoLM.webp\",\"width\":290,\"height\":55,\"caption\":\"Las Moradas de San Mart\u00edn\"},\"image\":{\"@id\":\"https:\\\/\\\/lasmoradasdesanmartin.es\\\/en\\\/#\\\/schema\\\/logo\\\/image\\\/\"}}]}<\/script>\n<!-- \/ Yoast SEO plugin. -->","yoast_head_json":{"title":"Visita autoguiada: LITERATURA - Las Moradas de San Mart\u00edn","robots":{"index":"noindex","follow":"follow","max-snippet":"max-snippet:-1","max-image-preview":"max-image-preview:large","max-video-preview":"max-video-preview:-1"},"og_locale":"en_US","og_type":"article","og_title":"Visita autoguiada: LITERATURA - Las Moradas de San Mart\u00edn","og_description":"Somos vinos de autor \u00bfPor qu\u00e9 somos Las Moradas y por qu\u00e9 las etiquetas de nuestros vinos cuentan con un relato \u00fanico? Desc\u00fabrelo\u2026 https:\/\/lasmoradas.info68.es\/en\/wp-content\/uploads\/sites\/3\/521-LAS-MORADAS-DE-SAN-MARTIN-4-literatura-OK-OK.wav","og_url":"https:\/\/lasmoradasdesanmartin.es\/en\/visita-autoguiada-literatura\/","og_site_name":"Las Moradas de San Mart\u00edn","article_modified_time":"2023-04-24T22:18:23+00:00","og_image":[{"url":"https:\/\/lasmoradas.info68.es\/en\/wp-content\/uploads\/sites\/3\/CABECERA-WEB_SENDA-2048x464-1.jpg","type":"","width":"","height":""}],"twitter_card":"summary_large_image","schema":{"@context":"https:\/\/schema.org","@graph":[{"@type":"WebPage","@id":"https:\/\/lasmoradasdesanmartin.es\/en\/visita-autoguiada-literatura\/","url":"https:\/\/lasmoradasdesanmartin.es\/en\/visita-autoguiada-literatura\/","name":"Visita autoguiada: LITERATURA - Las Moradas de San Mart\u00edn","isPartOf":{"@id":"https:\/\/lasmoradasdesanmartin.es\/en\/#website"},"primaryImageOfPage":{"@id":"https:\/\/lasmoradasdesanmartin.es\/en\/visita-autoguiada-literatura\/#primaryimage"},"image":{"@id":"https:\/\/lasmoradasdesanmartin.es\/en\/visita-autoguiada-literatura\/#primaryimage"},"thumbnailUrl":"https:\/\/lasmoradas.info68.es\/en\/wp-content\/uploads\/sites\/3\/CABECERA-WEB_SENDA-2048x464-1.jpg","datePublished":"2023-04-24T21:33:01+00:00","dateModified":"2023-04-24T22:18:23+00:00","breadcrumb":{"@id":"https:\/\/lasmoradasdesanmartin.es\/en\/visita-autoguiada-literatura\/#breadcrumb"},"inLanguage":"en-US","potentialAction":[{"@type":"ReadAction","target":["https:\/\/lasmoradasdesanmartin.es\/en\/visita-autoguiada-literatura\/"]}]},{"@type":"ImageObject","inLanguage":"en-US","@id":"https:\/\/lasmoradasdesanmartin.es\/en\/visita-autoguiada-literatura\/#primaryimage","url":"https:\/\/lasmoradas.info68.es\/en\/wp-content\/uploads\/sites\/3\/CABECERA-WEB_SENDA-2048x464-1.jpg","contentUrl":"https:\/\/lasmoradas.info68.es\/en\/wp-content\/uploads\/sites\/3\/CABECERA-WEB_SENDA-2048x464-1.jpg"},{"@type":"BreadcrumbList","@id":"https:\/\/lasmoradasdesanmartin.es\/en\/visita-autoguiada-literatura\/#breadcrumb","itemListElement":[{"@type":"ListItem","position":1,"name":"Portada","item":"https:\/\/lasmoradasdesanmartin.es\/en\/"},{"@type":"ListItem","position":2,"name":"Visita autoguiada: LITERATURA"}]},{"@type":"WebSite","@id":"https:\/\/lasmoradasdesanmartin.es\/en\/#website","url":"https:\/\/lasmoradasdesanmartin.es\/en\/","name":"Las Moradas de San Mart\u00edn","description":"Bodegas San Mart\u00edn. Vinos D.O. Madrid","publisher":{"@id":"https:\/\/lasmoradasdesanmartin.es\/en\/#organization"},"potentialAction":[{"@type":"SearchAction","target":{"@type":"EntryPoint","urlTemplate":"https:\/\/lasmoradasdesanmartin.es\/en\/?s={search_term_string}"},"query-input":{"@type":"PropertyValueSpecification","valueRequired":true,"valueName":"search_term_string"}}],"inLanguage":"en-US"},{"@type":"Organization","@id":"https:\/\/lasmoradasdesanmartin.es\/en\/#organization","name":"Las Moradas de San Mart\u00edn","url":"https:\/\/lasmoradasdesanmartin.es\/en\/","logo":{"@type":"ImageObject","inLanguage":"en-US","@id":"https:\/\/lasmoradasdesanmartin.es\/en\/#\/schema\/logo\/image\/","url":"https:\/\/lasmoradasdesanmartin.es\/en\/wp-content\/uploads\/sites\/3\/LogotipoLM.webp","contentUrl":"https:\/\/lasmoradasdesanmartin.es\/en\/wp-content\/uploads\/sites\/3\/LogotipoLM.webp","width":290,"height":55,"caption":"Las Moradas de San Mart\u00edn"},"image":{"@id":"https:\/\/lasmoradasdesanmartin.es\/en\/#\/schema\/logo\/image\/"}}]}},"_links":{"self":[{"href":"https:\/\/lasmoradasdesanmartin.es\/en\/wp-json\/wp\/v2\/pages\/4484","targetHints":{"allow":["GET"]}}],"collection":[{"href":"https:\/\/lasmoradasdesanmartin.es\/en\/wp-json\/wp\/v2\/pages"}],"about":[{"href":"https:\/\/lasmoradasdesanmartin.es\/en\/wp-json\/wp\/v2\/types\/page"}],"author":[{"embeddable":true,"href":"https:\/\/lasmoradasdesanmartin.es\/en\/wp-json\/wp\/v2\/users\/1"}],"replies":[{"embeddable":true,"href":"https:\/\/lasmoradasdesanmartin.es\/en\/wp-json\/wp\/v2\/comments?post=4484"}],"version-history":[{"count":0,"href":"https:\/\/lasmoradasdesanmartin.es\/en\/wp-json\/wp\/v2\/pages\/4484\/revisions"}],"wp:attachment":[{"href":"https:\/\/lasmoradasdesanmartin.es\/en\/wp-json\/wp\/v2\/media?parent=4484"}],"curies":[{"name":"wp","href":"https:\/\/api.w.org\/{rel}","templated":true}]}}