{"id":4517,"date":"2023-04-27T11:05:35","date_gmt":"2023-04-27T09:05:35","guid":{"rendered":"https:\/\/lasmoradas.info68.es\/en\/?page_id=4517"},"modified":"2024-08-29T14:05:02","modified_gmt":"2024-08-29T12:05:02","slug":"contact-us","status":"publish","type":"page","link":"https:\/\/lasmoradasdesanmartin.es\/en\/contact-us\/","title":{"rendered":"Contact us"},"content":{"rendered":"\t\t<div data-elementor-type=\"wp-page\" data-elementor-id=\"4517\" class=\"elementor elementor-4517\" data-elementor-post-type=\"page\">\n\t\t\t\t<div class=\"elementor-element elementor-element-921661a e-flex e-con-boxed e-con e-parent\" data-id=\"921661a\" data-element_type=\"container\" data-e-type=\"container\" data-settings=\"{&quot;background_background&quot;:&quot;classic&quot;}\">\n\t\t\t\t\t<div class=\"e-con-inner\">\n\t\t\t\t<div class=\"elementor-element elementor-element-0e0998a elementor-widget elementor-widget-heading\" data-id=\"0e0998a\" data-element_type=\"widget\" data-e-type=\"widget\" data-widget_type=\"heading.default\">\n\t\t\t\t<div class=\"elementor-widget-container\">\n\t\t\t\t\t<h1 class=\"elementor-heading-title elementor-size-default\">Contact us<\/h1>\t\t\t\t<\/div>\n\t\t\t\t<\/div>\n\t\t\t\t\t<\/div>\n\t\t\t\t<\/div>\n\t\t<div class=\"elementor-element elementor-element-373390e e-flex e-con-boxed e-con e-parent\" data-id=\"373390e\" data-element_type=\"container\" data-e-type=\"container\" data-settings=\"{&quot;motion_fx_motion_fx_scrolling&quot;:&quot;yes&quot;,&quot;motion_fx_opacity_effect&quot;:&quot;yes&quot;,&quot;motion_fx_opacity_range&quot;:{&quot;unit&quot;:&quot;%&quot;,&quot;size&quot;:&quot;&quot;,&quot;sizes&quot;:{&quot;start&quot;:9,&quot;end&quot;:26}},&quot;motion_fx_opacity_direction&quot;:&quot;out-in&quot;,&quot;motion_fx_opacity_level&quot;:{&quot;unit&quot;:&quot;px&quot;,&quot;size&quot;:10,&quot;sizes&quot;:[]},&quot;motion_fx_devices&quot;:[&quot;desktop&quot;,&quot;tablet&quot;,&quot;mobile&quot;]}\">\n\t\t\t\t\t<div class=\"e-con-inner\">\n\t\t\t\t<div class=\"elementor-element elementor-element-42a38fc elementor-widget elementor-widget-heading\" data-id=\"42a38fc\" data-element_type=\"widget\" data-e-type=\"widget\" data-widget_type=\"heading.default\">\n\t\t\t\t<div class=\"elementor-widget-container\">\n\t\t\t\t\t<h2 class=\"elementor-heading-title elementor-size-default\">Contact form<\/h2>\t\t\t\t<\/div>\n\t\t\t\t<\/div>\n\t\t\t\t<div class=\"elementor-element elementor-element-c3efb5d elementor-button-align-center elementor-widget elementor-widget-form\" data-id=\"c3efb5d\" data-element_type=\"widget\" data-e-type=\"widget\" data-settings=\"{&quot;step_next_label&quot;:&quot;Siguiente&quot;,&quot;step_previous_label&quot;:&quot;Anterior&quot;,&quot;button_width&quot;:&quot;100&quot;,&quot;step_type&quot;:&quot;number_text&quot;,&quot;step_icon_shape&quot;:&quot;circle&quot;}\" data-widget_type=\"form.default\">\n\t\t\t\t<div class=\"elementor-widget-container\">\n\t\t\t\t\t\t\t<form class=\"elementor-form\" method=\"post\" name=\"Nuevo formulario\" aria-label=\"Nuevo formulario\">\n\t\t\t<input type=\"hidden\" name=\"post_id\" value=\"4517\"\/>\n\t\t\t<input type=\"hidden\" name=\"form_id\" value=\"c3efb5d\"\/>\n\t\t\t<input type=\"hidden\" name=\"referer_title\" value=\"Las Moradas de San Mart\u00edn\" \/>\n\n\t\t\t\n\t\t\t<div class=\"elementor-form-fields-wrapper elementor-labels-\">\n\t\t\t\t\t\t\t\t<div class=\"elementor-field-type-text elementor-field-group elementor-column elementor-field-group-name elementor-col-100\">\n\t\t\t\t\t\t\t\t\t\t\t\t<label for=\"form-field-name\" class=\"elementor-field-label elementor-screen-only\">\n\t\t\t\t\t\t\t\tNombre\t\t\t\t\t\t\t<\/label>\n\t\t\t\t\t\t\t\t\t\t\t\t\t\t<input size=\"1\" type=\"text\" name=\"form_fields[name]\" id=\"form-field-name\" class=\"elementor-field elementor-size-sm  elementor-field-textual\" placeholder=\"Name\">\n\t\t\t\t\t\t\t\t\t\t\t<\/div>\n\t\t\t\t\t\t\t\t<div class=\"elementor-field-type-email elementor-field-group elementor-column elementor-field-group-email elementor-col-100 elementor-field-required\">\n\t\t\t\t\t\t\t\t\t\t\t\t<label for=\"form-field-email\" class=\"elementor-field-label elementor-screen-only\">\n\t\t\t\t\t\t\t\tCorreo electr\u00f3nico\t\t\t\t\t\t\t<\/label>\n\t\t\t\t\t\t\t\t\t\t\t\t\t\t<input size=\"1\" type=\"email\" name=\"form_fields[email]\" id=\"form-field-email\" class=\"elementor-field elementor-size-sm  elementor-field-textual\" placeholder=\"Email\" required=\"required\">\n\t\t\t\t\t\t\t\t\t\t\t<\/div>\n\t\t\t\t\t\t\t\t<div class=\"elementor-field-type-tel elementor-field-group elementor-column elementor-field-group-field_3e1e832 elementor-col-100 elementor-field-required\">\n\t\t\t\t\t\t\t\t\t\t\t\t<label for=\"form-field-field_3e1e832\" class=\"elementor-field-label elementor-screen-only\">\n\t\t\t\t\t\t\t\tTel\u00e9fono\t\t\t\t\t\t\t<\/label>\n\t\t\t\t\t\t\t\t<input size=\"1\" type=\"tel\" name=\"form_fields[field_3e1e832]\" id=\"form-field-field_3e1e832\" class=\"elementor-field elementor-size-sm  elementor-field-textual\" placeholder=\"Phone\" required=\"required\" pattern=\"[0-9()#&amp;+*-=.]+\" title=\"Only numbers and phone characters (#, -, *, etc) are accepted.\">\n\n\t\t\t\t\t\t<\/div>\n\t\t\t\t\t\t\t\t<div class=\"elementor-field-type-textarea elementor-field-group elementor-column elementor-field-group-message elementor-col-100\">\n\t\t\t\t\t\t\t\t\t\t\t\t<label for=\"form-field-message\" class=\"elementor-field-label elementor-screen-only\">\n\t\t\t\t\t\t\t\tMensaje\t\t\t\t\t\t\t<\/label>\n\t\t\t\t\t\t<textarea class=\"elementor-field-textual elementor-field  elementor-size-sm\" name=\"form_fields[message]\" id=\"form-field-message\" rows=\"4\" placeholder=\"Message\"><\/textarea>\t\t\t\t<\/div>\n\t\t\t\t\t\t\t\t<div class=\"elementor-field-type-acceptance elementor-field-group elementor-column elementor-field-group-field_9a69798 elementor-col-100 elementor-field-required\">\n\t\t\t\t\t\t\t\t\t\t\t\t<label for=\"form-field-field_9a69798\" class=\"elementor-field-label elementor-screen-only\">\n\t\t\t\t\t\t\t\taceptacion\t\t\t\t\t\t\t<\/label>\n\t\t\t\t\t\t\t\t<div class=\"elementor-field-subgroup\">\n\t\t\t<span class=\"elementor-field-option\">\n\t\t\t\t<input type=\"checkbox\" name=\"form_fields[field_9a69798]\" id=\"form-field-field_9a69798\" class=\"elementor-field elementor-size-sm  elementor-acceptance-field\" required=\"required\">\n\t\t\t\t<label for=\"form-field-field_9a69798\">By checking this box you accept the <a href=\"\/privacy-policy\/\" target=\"_blank\">Privacy Policy<\/a>.<\/label>\t\t\t<\/span>\n\t\t<\/div>\n\t\t\t\t\t\t<\/div>\n\t\t\t\t\t\t\t\t<div class=\"elementor-field-type-html elementor-field-group elementor-column elementor-field-group-field_cc4d46d elementor-col-100\">\n\t\t\t\t\t<div class=\"politicanewsletter\"><h4 >INFORMATION ABOUT THE GENERAL DATA PROTECTION REGULATION<\/h4>\nVI\u00d1EDOS DE SAN MART\u00cdN S.L.U. , being the <strong>Purpose:<\/strong> sending publications as well as commercial emails. The <strong>Legitimation:<\/strong> is thanks to your consent. <strong>Recipients:<\/strong> Your data is hosted on my Active Campaign email marketing platforms located in the US. You can exercise <strong>Your Rights<\/strong> of Access, Rectification, Limitation or Deletion of your data at <a href=\"mailto:enate@grupoenate.es\" style=\"color:#000000;\" target=\"_blank\">enate@grupoenate.es<\/a>. For more information see our <a href=\"\/privacy-policy\/\" target=\"_blank\" style=\"color:#000000;\">privacy policy<\/a>.<\/div>\t\t\t\t<\/div>\n\t\t\t\t\t\t\t\t<div class=\"elementor-field-type-text\">\n\t\t\t\t\t<input size=\"1\" type=\"text\" name=\"form_fields[field_ff17815]\" id=\"form-field-field_ff17815\" class=\"elementor-field elementor-size-sm \" style=\"display:none !important;\">\t\t\t\t<\/div>\n\t\t\t\t\t\t\t\t<div class=\"elementor-field-type-recaptcha_v3 elementor-field-group elementor-column elementor-field-group-recaptcha elementor-col-100 recaptcha_v3-bottomright\">\n\t\t\t\t\t<div class=\"elementor-field\" id=\"form-field-recaptcha\"><div class=\"elementor-g-recaptcha\" data-sitekey=\"6LfG5zEqAAAAAHCjNbP4Rt0nIRNYfdgEYWassBBX\" data-type=\"v3\" data-action=\"Form\" data-badge=\"bottomright\" data-size=\"invisible\"><\/div><\/div>\t\t\t\t<\/div>\n\t\t\t\t\t\t\t\t<div class=\"elementor-field-group elementor-column elementor-field-type-submit elementor-col-100 e-form__buttons\">\n\t\t\t\t\t<button class=\"elementor-button elementor-size-md\" type=\"submit\">\n\t\t\t\t\t\t<span class=\"elementor-button-content-wrapper\">\n\t\t\t\t\t\t\t\t\t\t\t\t\t\t\t\t\t\t\t\t\t\t<span class=\"elementor-button-text\">Send<\/span>\n\t\t\t\t\t\t\t\t\t\t\t\t\t<\/span>\n\t\t\t\t\t<\/button>\n\t\t\t\t<\/div>\n\t\t\t<\/div>\n\t\t<\/form>\n\t\t\t\t\t\t<\/div>\n\t\t\t\t<\/div>\n\t\t\t\t\t<\/div>\n\t\t\t\t<\/div>\n\t\t<div class=\"elementor-element elementor-element-a1b8d68 e-flex e-con-boxed e-con e-parent\" data-id=\"a1b8d68\" data-element_type=\"container\" data-e-type=\"container\">\n\t\t\t\t\t<div class=\"e-con-inner\">\n\t\t<div class=\"elementor-element elementor-element-72576f7 e-con-full e-flex e-con e-child\" data-id=\"72576f7\" data-element_type=\"container\" data-e-type=\"container\">\n\t\t\t\t<div class=\"elementor-element elementor-element-5d9ebd2 elementor-widget elementor-widget-heading\" data-id=\"5d9ebd2\" data-element_type=\"widget\" data-e-type=\"widget\" data-widget_type=\"heading.default\">\n\t\t\t\t<div class=\"elementor-widget-container\">\n\t\t\t\t\t<h2 class=\"elementor-heading-title elementor-size-default\">Get to know us <br>Las Moradas de San Mart\u00edn<\/h2>\t\t\t\t<\/div>\n\t\t\t\t<\/div>\n\t\t\t\t<div class=\"elementor-element elementor-element-b32b37c elementor-widget elementor-widget-text-editor\" data-id=\"b32b37c\" data-element_type=\"widget\" data-e-type=\"widget\" data-widget_type=\"text-editor.default\">\n\t\t\t\t<div class=\"elementor-widget-container\">\n\t\t\t\t\t\t\t\t\t<p><strong>Address<br \/><\/strong>Pago de Los Castillejos, Ctra. M-541 Km 4,7<br \/>28680 San Mart\u00edn de Valdeiglesias, Madrid<\/p><p><strong>Phone number<br \/><\/strong><a href=\"tel:0034687457235\" target=\"_blank\" rel=\"noopener\">+34 687 45 72 35<\/a><\/p><p><strong>Email<br \/><\/strong><a href=\"mailto:bodega.lasmoradas@grupoenate.es\" target=\"_blank\" rel=\"noopener\">bodega.lasmoradas@grupoenate.es<\/a><\/p>\t\t\t\t\t\t\t\t<\/div>\n\t\t\t\t<\/div>\n\t\t\t\t<\/div>\n\t\t\t\t\t<\/div>\n\t\t\t\t<\/div>\n\t\t\t\t<\/div>\n\t\t","protected":false},"excerpt":{"rendered":"<p>Contact form Get to know us Las Moradas de San Mart\u00edn AddressPago de Los Castillejos, Ctra. M-541 Km 4,728680 San Mart\u00edn de Valdeiglesias, Madrid Phone number+34 687 45 72 35 Emailbodega.lasmoradas@grupoenate.es<\/p>\n","protected":false},"author":1,"featured_media":0,"parent":0,"menu_order":0,"comment_status":"closed","ping_status":"closed","template":"elementor_header_footer","meta":{"footnotes":""},"class_list":["post-4517","page","type-page","status-publish","hentry"],"yoast_head":"<!-- This site is optimized with the Yoast SEO plugin v27.3 - https:\/\/yoast.com\/product\/yoast-seo-wordpress\/ -->\n<title>Contact us - Las Moradas de San Mart\u00edn<\/title>\n<meta name=\"robots\" content=\"noindex, follow, max-snippet:-1, max-image-preview:large, max-video-preview:-1\" \/>\n<meta property=\"og:locale\" content=\"en_US\" \/>\n<meta property=\"og:type\" content=\"article\" \/>\n<meta property=\"og:title\" content=\"Contact us - Las Moradas de San Mart\u00edn\" \/>\n<meta property=\"og:description\" content=\"Contact form Get to know us Las Moradas de San Mart\u00edn AddressPago de Los Castillejos, Ctra. M-541 Km 4,728680 San Mart\u00edn de Valdeiglesias, Madrid Phone number+34 687 45 72 35 Emailbodega.lasmoradas@grupoenate.es\" \/>\n<meta property=\"og:url\" content=\"https:\/\/lasmoradasdesanmartin.es\/en\/contact-us\/\" \/>\n<meta property=\"og:site_name\" content=\"Las Moradas de San Mart\u00edn\" \/>\n<meta property=\"article:modified_time\" content=\"2024-08-29T12:05:02+00:00\" \/>\n<meta name=\"twitter:card\" content=\"summary_large_image\" \/>\n<meta name=\"twitter:label1\" content=\"Est. reading time\" \/>\n\t<meta name=\"twitter:data1\" content=\"1 minute\" \/>\n<script type=\"application\/ld+json\" class=\"yoast-schema-graph\">{\"@context\":\"https:\\\/\\\/schema.org\",\"@graph\":[{\"@type\":\"WebPage\",\"@id\":\"https:\\\/\\\/lasmoradasdesanmartin.es\\\/en\\\/contact-us\\\/\",\"url\":\"https:\\\/\\\/lasmoradasdesanmartin.es\\\/en\\\/contact-us\\\/\",\"name\":\"Contact us - Las Moradas de San Mart\u00edn\",\"isPartOf\":{\"@id\":\"https:\\\/\\\/lasmoradasdesanmartin.es\\\/en\\\/#website\"},\"datePublished\":\"2023-04-27T09:05:35+00:00\",\"dateModified\":\"2024-08-29T12:05:02+00:00\",\"breadcrumb\":{\"@id\":\"https:\\\/\\\/lasmoradasdesanmartin.es\\\/en\\\/contact-us\\\/#breadcrumb\"},\"inLanguage\":\"en-US\",\"potentialAction\":[{\"@type\":\"ReadAction\",\"target\":[\"https:\\\/\\\/lasmoradasdesanmartin.es\\\/en\\\/contact-us\\\/\"]}]},{\"@type\":\"BreadcrumbList\",\"@id\":\"https:\\\/\\\/lasmoradasdesanmartin.es\\\/en\\\/contact-us\\\/#breadcrumb\",\"itemListElement\":[{\"@type\":\"ListItem\",\"position\":1,\"name\":\"Portada\",\"item\":\"https:\\\/\\\/lasmoradasdesanmartin.es\\\/en\\\/\"},{\"@type\":\"ListItem\",\"position\":2,\"name\":\"Contact us\"}]},{\"@type\":\"WebSite\",\"@id\":\"https:\\\/\\\/lasmoradasdesanmartin.es\\\/en\\\/#website\",\"url\":\"https:\\\/\\\/lasmoradasdesanmartin.es\\\/en\\\/\",\"name\":\"Las Moradas de San Mart\u00edn\",\"description\":\"Bodegas San Mart\u00edn. Vinos D.O. Madrid\",\"publisher\":{\"@id\":\"https:\\\/\\\/lasmoradasdesanmartin.es\\\/en\\\/#organization\"},\"potentialAction\":[{\"@type\":\"SearchAction\",\"target\":{\"@type\":\"EntryPoint\",\"urlTemplate\":\"https:\\\/\\\/lasmoradasdesanmartin.es\\\/en\\\/?s={search_term_string}\"},\"query-input\":{\"@type\":\"PropertyValueSpecification\",\"valueRequired\":true,\"valueName\":\"search_term_string\"}}],\"inLanguage\":\"en-US\"},{\"@type\":\"Organization\",\"@id\":\"https:\\\/\\\/lasmoradasdesanmartin.es\\\/en\\\/#organization\",\"name\":\"Las Moradas de San Mart\u00edn\",\"url\":\"https:\\\/\\\/lasmoradasdesanmartin.es\\\/en\\\/\",\"logo\":{\"@type\":\"ImageObject\",\"inLanguage\":\"en-US\",\"@id\":\"https:\\\/\\\/lasmoradasdesanmartin.es\\\/en\\\/#\\\/schema\\\/logo\\\/image\\\/\",\"url\":\"https:\\\/\\\/lasmoradasdesanmartin.es\\\/en\\\/wp-content\\\/uploads\\\/sites\\\/3\\\/LogotipoLM.webp\",\"contentUrl\":\"https:\\\/\\\/lasmoradasdesanmartin.es\\\/en\\\/wp-content\\\/uploads\\\/sites\\\/3\\\/LogotipoLM.webp\",\"width\":290,\"height\":55,\"caption\":\"Las Moradas de San Mart\u00edn\"},\"image\":{\"@id\":\"https:\\\/\\\/lasmoradasdesanmartin.es\\\/en\\\/#\\\/schema\\\/logo\\\/image\\\/\"}}]}<\/script>\n<!-- \/ Yoast SEO plugin. -->","yoast_head_json":{"title":"Contact us - Las Moradas de San Mart\u00edn","robots":{"index":"noindex","follow":"follow","max-snippet":"max-snippet:-1","max-image-preview":"max-image-preview:large","max-video-preview":"max-video-preview:-1"},"og_locale":"en_US","og_type":"article","og_title":"Contact us - Las Moradas de San Mart\u00edn","og_description":"Contact form Get to know us Las Moradas de San Mart\u00edn AddressPago de Los Castillejos, Ctra. M-541 Km 4,728680 San Mart\u00edn de Valdeiglesias, Madrid Phone number+34 687 45 72 35 Emailbodega.lasmoradas@grupoenate.es","og_url":"https:\/\/lasmoradasdesanmartin.es\/en\/contact-us\/","og_site_name":"Las Moradas de San Mart\u00edn","article_modified_time":"2024-08-29T12:05:02+00:00","twitter_card":"summary_large_image","twitter_misc":{"Est. reading time":"1 minute"},"schema":{"@context":"https:\/\/schema.org","@graph":[{"@type":"WebPage","@id":"https:\/\/lasmoradasdesanmartin.es\/en\/contact-us\/","url":"https:\/\/lasmoradasdesanmartin.es\/en\/contact-us\/","name":"Contact us - Las Moradas de San Mart\u00edn","isPartOf":{"@id":"https:\/\/lasmoradasdesanmartin.es\/en\/#website"},"datePublished":"2023-04-27T09:05:35+00:00","dateModified":"2024-08-29T12:05:02+00:00","breadcrumb":{"@id":"https:\/\/lasmoradasdesanmartin.es\/en\/contact-us\/#breadcrumb"},"inLanguage":"en-US","potentialAction":[{"@type":"ReadAction","target":["https:\/\/lasmoradasdesanmartin.es\/en\/contact-us\/"]}]},{"@type":"BreadcrumbList","@id":"https:\/\/lasmoradasdesanmartin.es\/en\/contact-us\/#breadcrumb","itemListElement":[{"@type":"ListItem","position":1,"name":"Portada","item":"https:\/\/lasmoradasdesanmartin.es\/en\/"},{"@type":"ListItem","position":2,"name":"Contact us"}]},{"@type":"WebSite","@id":"https:\/\/lasmoradasdesanmartin.es\/en\/#website","url":"https:\/\/lasmoradasdesanmartin.es\/en\/","name":"Las Moradas de San Mart\u00edn","description":"Bodegas San Mart\u00edn. Vinos D.O. Madrid","publisher":{"@id":"https:\/\/lasmoradasdesanmartin.es\/en\/#organization"},"potentialAction":[{"@type":"SearchAction","target":{"@type":"EntryPoint","urlTemplate":"https:\/\/lasmoradasdesanmartin.es\/en\/?s={search_term_string}"},"query-input":{"@type":"PropertyValueSpecification","valueRequired":true,"valueName":"search_term_string"}}],"inLanguage":"en-US"},{"@type":"Organization","@id":"https:\/\/lasmoradasdesanmartin.es\/en\/#organization","name":"Las Moradas de San Mart\u00edn","url":"https:\/\/lasmoradasdesanmartin.es\/en\/","logo":{"@type":"ImageObject","inLanguage":"en-US","@id":"https:\/\/lasmoradasdesanmartin.es\/en\/#\/schema\/logo\/image\/","url":"https:\/\/lasmoradasdesanmartin.es\/en\/wp-content\/uploads\/sites\/3\/LogotipoLM.webp","contentUrl":"https:\/\/lasmoradasdesanmartin.es\/en\/wp-content\/uploads\/sites\/3\/LogotipoLM.webp","width":290,"height":55,"caption":"Las Moradas de San Mart\u00edn"},"image":{"@id":"https:\/\/lasmoradasdesanmartin.es\/en\/#\/schema\/logo\/image\/"}}]}},"_links":{"self":[{"href":"https:\/\/lasmoradasdesanmartin.es\/en\/wp-json\/wp\/v2\/pages\/4517","targetHints":{"allow":["GET"]}}],"collection":[{"href":"https:\/\/lasmoradasdesanmartin.es\/en\/wp-json\/wp\/v2\/pages"}],"about":[{"href":"https:\/\/lasmoradasdesanmartin.es\/en\/wp-json\/wp\/v2\/types\/page"}],"author":[{"embeddable":true,"href":"https:\/\/lasmoradasdesanmartin.es\/en\/wp-json\/wp\/v2\/users\/1"}],"replies":[{"embeddable":true,"href":"https:\/\/lasmoradasdesanmartin.es\/en\/wp-json\/wp\/v2\/comments?post=4517"}],"version-history":[{"count":9,"href":"https:\/\/lasmoradasdesanmartin.es\/en\/wp-json\/wp\/v2\/pages\/4517\/revisions"}],"predecessor-version":[{"id":5031,"href":"https:\/\/lasmoradasdesanmartin.es\/en\/wp-json\/wp\/v2\/pages\/4517\/revisions\/5031"}],"wp:attachment":[{"href":"https:\/\/lasmoradasdesanmartin.es\/en\/wp-json\/wp\/v2\/media?parent=4517"}],"curies":[{"name":"wp","href":"https:\/\/api.w.org\/{rel}","templated":true}]}}