{"id":768,"date":"2023-01-30T12:33:34","date_gmt":"2023-01-30T11:33:34","guid":{"rendered":"https:\/\/lasmoradas.info68.es\/en\/?page_id=768"},"modified":"2023-01-30T12:34:42","modified_gmt":"2023-01-30T11:34:42","slug":"politica-de-cookies","status":"publish","type":"page","link":"https:\/\/lasmoradasdesanmartin.es\/en\/politica-de-cookies\/","title":{"rendered":"Pol\u00edtica de cookies"},"content":{"rendered":"\t\t<div data-elementor-type=\"wp-page\" data-elementor-id=\"768\" class=\"elementor elementor-768\" data-elementor-post-type=\"page\">\n\t\t\t\t<div class=\"elementor-element elementor-element-dec35d2 e-flex e-con-boxed e-con e-parent\" data-id=\"dec35d2\" data-element_type=\"container\" data-e-type=\"container\">\n\t\t\t\t\t<div class=\"e-con-inner\">\n\t\t\t\t<div class=\"elementor-element elementor-element-062cc51 elementor-widget__width-inherit elementor-widget elementor-widget-heading\" data-id=\"062cc51\" data-element_type=\"widget\" data-e-type=\"widget\" data-widget_type=\"heading.default\">\n\t\t\t\t<div class=\"elementor-widget-container\">\n\t\t\t\t\t<h1 class=\"elementor-heading-title elementor-size-default\">Pol\u00edtica de cookies<\/h1>\t\t\t\t<\/div>\n\t\t\t\t<\/div>\n\t\t\t\t<div class=\"elementor-element elementor-element-163f159 elementor-widget__width-initial elementor-widget elementor-widget-text-editor\" data-id=\"163f159\" data-element_type=\"widget\" data-e-type=\"widget\" data-widget_type=\"text-editor.default\">\n\t\t\t\t<div class=\"elementor-widget-container\">\n\t\t\t\t\t\t\t\t\t<h2>\u00bfQU\u00c9 SON LAS COOKIES?<\/h2><p>Una cookie es un fichero que se descarga en su ordenador (o el dispositivo que utilice: smartphon, tablet, etc.) al acceder a determinadas p\u00e1ginas web. Las cookies permiten a una p\u00e1gina web, entre otras cosas, almacenar y recuperar informaci\u00f3n sobre los h\u00e1bitos y preferencias de navegaci\u00f3n de un usuario o de su equipo y, dependiendo de la informaci\u00f3n que contengan y de la forma en que utilice su equipo, pueden utilizarse para reconocer al usuario.<\/p><h2>\u00bfQU\u00c9 TIPOS DE COOKIES UTILIZA ESTA P\u00c1GINA WEB?<\/h2><p><strong>Cookies de an\u00e1lisis<\/strong>. Son aqu\u00e9llas que bien tratadas por nosotros o por terceros, nos permiten cuantificar el n\u00famero de usuarios y as\u00ed realizar la medici\u00f3n y an\u00e1lisis estad\u00edstico de la utilizaci\u00f3n que hacen los usuarios del servicio ofertado. Para ello se analiza su navegaci\u00f3n en nuestra p\u00e1gina web con el fin de mejorar la oferta de productos o servicios que le ofrecemos. Para este cometido utilizamos las cookies del servicio de Google Analytics y facebook.<\/p><p><strong>Cookies t\u00e9cnicas<\/strong>. Son necesarias para la prestaci\u00f3n de determinados servicios solicitados expresamente por el usuario como acceso a zonas privadas, informaci\u00f3n de sesi\u00f3n, etc. Sin estas cookies no se podr\u00e1n ofrecer correctamente los servicios solicitados.<\/p><table width=\"1100\"><tbody><tr><td><strong>Titularidad<\/strong><\/td><td><strong>Cookie<\/strong><\/td><td><strong>Duraci\u00f3n<\/strong><\/td><td><strong>Finalidad\u00a0<\/strong><\/td><\/tr><tr><td rowspan=\"5\">\u00a0Cookies propias<\/td><td>Moove_gdpr_popup<\/td><td>1 a\u00f1o<\/td><td>Esta cookie sirve para ofrecer a los visitantes de la web un banner de cookies para obtener su consentimiento antes de que se produzca cualquier tipo de procesamiento de datos.<\/td><\/tr><tr><td>PHPSESSID<\/td><td>Expira al finalizar sesi\u00f3n.<\/td><td>Es un identificador de sesi\u00f3n \u00fanico para cada visitante al sitio web. De forma que pueda mantenerse identificado una vez ha introducido sus credenciales.<\/td><\/tr><tr><td>woocommerce_items_in_cart\/\/ woocommerce_cart_hash\/\/ wp_woocommerce_session<\/td><td>Expira al finalizar sesi\u00f3n.<\/td><td>Lista de referencias de productos recientemente visitados, para facilitar la navegaci\u00f3n por ellos al usuario<\/td><\/tr><tr><td>_stripe_mid<\/td><td>1 a\u00f1o<\/td><td>identificador para la pasarela de pago de la tienda, para prevenir y evitar el fraude.<\/td><\/tr><tr><td rowspan=\"5\">Google Analytics<\/td><\/tr><tr><td>_gid, _gat,_ga<\/td><td>Variable.<p>\u00a0<\/p><p>_gid: al finalizar sesi\u00f3n<\/p><p>_ga: 26 meses<\/p><\/td><td>Estas cookies se utilizan para recoger informaci\u00f3n sobre c\u00f3mo usan estas p\u00e1ginas web nuestros visitantes. Toda la informaci\u00f3n es recogida de forma an\u00f3nima y puede incluir datos como el navegador que se est\u00e1 utilizando, n\u00famero de p\u00e1ginas vistas. Esta informaci\u00f3n nos ayuda a mejorar esta web y su experiencia al visitarnos.<\/td><\/tr><tr><td rowspan=\"3\">Facebook<\/td><td>Wd<\/td><td>Una semana para\u00a0<a href=\"https:\/\/cookiedatabase.org\/cookiefunctions\/determine-screen-resolution\/\">determinar la resoluci\u00f3n de la pantalla<\/a><\/td><td rowspan=\"3\">para almacenar y realizar un seguimiento de las visitas en los sitios web .<\/td><\/tr><tr><td>_fbp<\/td><td><a href=\"https:\/\/cookiedatabase.org\/retention\/3-months\/\">3 meses.<\/a><\/td><\/tr><tr><td>datr<\/td><td>2 a\u00f1os para\u00a0<a href=\"https:\/\/cookiedatabase.org\/cookiefunctions\/prevent-fraud\/\">proporcionar prevenci\u00f3n del fraude<\/a>\u00a0.<\/td><\/tr><tr><td>Active Campaign<\/td><td>cmp_,\u00a0prism_<\/td><td>30 d\u00edas<\/td><td>Estas cookies se utilizan para recoger informaci\u00f3n sobre c\u00f3mo usan estas p\u00e1ginas nuestros suscriptores. Los datos que se tienen de los usuarios son los que facilitan en el formulario de suscripci\u00f3n a la Newsletter y acceso al club ENATE<\/td><\/tr><\/tbody><\/table><h2>\u00bfC\u00d3MO DESHABILITAR LAS COOKIES?<\/h2><p>Usted puede permitir, bloquear o eliminar las cookies instaladas en su equipo mediante la configuraci\u00f3n de las opciones o preferencias del navegador utilizado para acceder a la web. A continuaci\u00f3n le mostramos d\u00f3nde puede encontrar m\u00e1s informaci\u00f3n sobre los principales navegadores:<\/p><ul><li>Google Chrome. Para m\u00e1s informaci\u00f3n pulse aqu\u00ed.<\/li><li>Mozilla Firefox. Para m\u00e1s informaci\u00f3n pulse aqu\u00ed.<\/li><li>Internet Explorer. Para m\u00e1s informaci\u00f3n pulse aqu\u00ed.<br \/>Safari. Para m\u00e1s informaci\u00f3n pulse aqu\u00ed.<\/li><\/ul>\t\t\t\t\t\t\t\t<\/div>\n\t\t\t\t<\/div>\n\t\t\t\t\t<\/div>\n\t\t\t\t<\/div>\n\t\t\t\t<\/div>\n\t\t","protected":false},"excerpt":{"rendered":"<p>\u00bfQU\u00c9 SON LAS COOKIES? Una cookie es un fichero que se descarga en su ordenador (o el dispositivo que utilice: smartphon, tablet, etc.) al acceder a determinadas p\u00e1ginas web. Las cookies permiten a una p\u00e1gina web, entre otras cosas, almacenar y recuperar informaci\u00f3n sobre los h\u00e1bitos y preferencias de navegaci\u00f3n de un usuario o de [&hellip;]<\/p>\n","protected":false},"author":1,"featured_media":0,"parent":0,"menu_order":0,"comment_status":"closed","ping_status":"closed","template":"elementor_header_footer","meta":{"footnotes":""},"class_list":["post-768","page","type-page","status-publish","hentry"],"yoast_head":"<!-- This site is optimized with the Yoast SEO plugin v27.3 - https:\/\/yoast.com\/product\/yoast-seo-wordpress\/ -->\n<title>Pol\u00edtica de cookies - Las Moradas de San Mart\u00edn<\/title>\n<meta name=\"robots\" content=\"noindex, follow, max-snippet:-1, max-image-preview:large, max-video-preview:-1\" \/>\n<meta property=\"og:locale\" content=\"en_US\" \/>\n<meta property=\"og:type\" content=\"article\" \/>\n<meta property=\"og:title\" content=\"Pol\u00edtica de cookies - Las Moradas de San Mart\u00edn\" \/>\n<meta property=\"og:description\" content=\"\u00bfQU\u00c9 SON LAS COOKIES? Una cookie es un fichero que se descarga en su ordenador (o el dispositivo que utilice: smartphon, tablet, etc.) al acceder a determinadas p\u00e1ginas web. Las cookies permiten a una p\u00e1gina web, entre otras cosas, almacenar y recuperar informaci\u00f3n sobre los h\u00e1bitos y preferencias de navegaci\u00f3n de un usuario o de [&hellip;]\" \/>\n<meta property=\"og:url\" content=\"https:\/\/lasmoradasdesanmartin.es\/en\/politica-de-cookies\/\" \/>\n<meta property=\"og:site_name\" content=\"Las Moradas de San Mart\u00edn\" \/>\n<meta property=\"article:modified_time\" content=\"2023-01-30T11:34:42+00:00\" \/>\n<meta name=\"twitter:card\" content=\"summary_large_image\" \/>\n<meta name=\"twitter:label1\" content=\"Est. reading time\" \/>\n\t<meta name=\"twitter:data1\" content=\"3 minutes\" \/>\n<script type=\"application\/ld+json\" class=\"yoast-schema-graph\">{\"@context\":\"https:\\\/\\\/schema.org\",\"@graph\":[{\"@type\":\"WebPage\",\"@id\":\"https:\\\/\\\/lasmoradasdesanmartin.es\\\/en\\\/politica-de-cookies\\\/\",\"url\":\"https:\\\/\\\/lasmoradasdesanmartin.es\\\/en\\\/politica-de-cookies\\\/\",\"name\":\"Pol\u00edtica de cookies - Las Moradas de San Mart\u00edn\",\"isPartOf\":{\"@id\":\"https:\\\/\\\/lasmoradasdesanmartin.es\\\/en\\\/#website\"},\"datePublished\":\"2023-01-30T11:33:34+00:00\",\"dateModified\":\"2023-01-30T11:34:42+00:00\",\"breadcrumb\":{\"@id\":\"https:\\\/\\\/lasmoradasdesanmartin.es\\\/en\\\/politica-de-cookies\\\/#breadcrumb\"},\"inLanguage\":\"en-US\",\"potentialAction\":[{\"@type\":\"ReadAction\",\"target\":[\"https:\\\/\\\/lasmoradasdesanmartin.es\\\/en\\\/politica-de-cookies\\\/\"]}]},{\"@type\":\"BreadcrumbList\",\"@id\":\"https:\\\/\\\/lasmoradasdesanmartin.es\\\/en\\\/politica-de-cookies\\\/#breadcrumb\",\"itemListElement\":[{\"@type\":\"ListItem\",\"position\":1,\"name\":\"Portada\",\"item\":\"https:\\\/\\\/lasmoradasdesanmartin.es\\\/en\\\/\"},{\"@type\":\"ListItem\",\"position\":2,\"name\":\"Pol\u00edtica de cookies\"}]},{\"@type\":\"WebSite\",\"@id\":\"https:\\\/\\\/lasmoradasdesanmartin.es\\\/en\\\/#website\",\"url\":\"https:\\\/\\\/lasmoradasdesanmartin.es\\\/en\\\/\",\"name\":\"Las Moradas de San Mart\u00edn\",\"description\":\"Bodegas San Mart\u00edn. Vinos D.O. Madrid\",\"publisher\":{\"@id\":\"https:\\\/\\\/lasmoradasdesanmartin.es\\\/en\\\/#organization\"},\"potentialAction\":[{\"@type\":\"SearchAction\",\"target\":{\"@type\":\"EntryPoint\",\"urlTemplate\":\"https:\\\/\\\/lasmoradasdesanmartin.es\\\/en\\\/?s={search_term_string}\"},\"query-input\":{\"@type\":\"PropertyValueSpecification\",\"valueRequired\":true,\"valueName\":\"search_term_string\"}}],\"inLanguage\":\"en-US\"},{\"@type\":\"Organization\",\"@id\":\"https:\\\/\\\/lasmoradasdesanmartin.es\\\/en\\\/#organization\",\"name\":\"Las Moradas de San Mart\u00edn\",\"url\":\"https:\\\/\\\/lasmoradasdesanmartin.es\\\/en\\\/\",\"logo\":{\"@type\":\"ImageObject\",\"inLanguage\":\"en-US\",\"@id\":\"https:\\\/\\\/lasmoradasdesanmartin.es\\\/en\\\/#\\\/schema\\\/logo\\\/image\\\/\",\"url\":\"https:\\\/\\\/lasmoradasdesanmartin.es\\\/en\\\/wp-content\\\/uploads\\\/sites\\\/3\\\/LogotipoLM.webp\",\"contentUrl\":\"https:\\\/\\\/lasmoradasdesanmartin.es\\\/en\\\/wp-content\\\/uploads\\\/sites\\\/3\\\/LogotipoLM.webp\",\"width\":290,\"height\":55,\"caption\":\"Las Moradas de San Mart\u00edn\"},\"image\":{\"@id\":\"https:\\\/\\\/lasmoradasdesanmartin.es\\\/en\\\/#\\\/schema\\\/logo\\\/image\\\/\"}}]}<\/script>\n<!-- \/ Yoast SEO plugin. -->","yoast_head_json":{"title":"Pol\u00edtica de cookies - Las Moradas de San Mart\u00edn","robots":{"index":"noindex","follow":"follow","max-snippet":"max-snippet:-1","max-image-preview":"max-image-preview:large","max-video-preview":"max-video-preview:-1"},"og_locale":"en_US","og_type":"article","og_title":"Pol\u00edtica de cookies - Las Moradas de San Mart\u00edn","og_description":"\u00bfQU\u00c9 SON LAS COOKIES? Una cookie es un fichero que se descarga en su ordenador (o el dispositivo que utilice: smartphon, tablet, etc.) al acceder a determinadas p\u00e1ginas web. Las cookies permiten a una p\u00e1gina web, entre otras cosas, almacenar y recuperar informaci\u00f3n sobre los h\u00e1bitos y preferencias de navegaci\u00f3n de un usuario o de [&hellip;]","og_url":"https:\/\/lasmoradasdesanmartin.es\/en\/politica-de-cookies\/","og_site_name":"Las Moradas de San Mart\u00edn","article_modified_time":"2023-01-30T11:34:42+00:00","twitter_card":"summary_large_image","twitter_misc":{"Est. reading time":"3 minutes"},"schema":{"@context":"https:\/\/schema.org","@graph":[{"@type":"WebPage","@id":"https:\/\/lasmoradasdesanmartin.es\/en\/politica-de-cookies\/","url":"https:\/\/lasmoradasdesanmartin.es\/en\/politica-de-cookies\/","name":"Pol\u00edtica de cookies - Las Moradas de San Mart\u00edn","isPartOf":{"@id":"https:\/\/lasmoradasdesanmartin.es\/en\/#website"},"datePublished":"2023-01-30T11:33:34+00:00","dateModified":"2023-01-30T11:34:42+00:00","breadcrumb":{"@id":"https:\/\/lasmoradasdesanmartin.es\/en\/politica-de-cookies\/#breadcrumb"},"inLanguage":"en-US","potentialAction":[{"@type":"ReadAction","target":["https:\/\/lasmoradasdesanmartin.es\/en\/politica-de-cookies\/"]}]},{"@type":"BreadcrumbList","@id":"https:\/\/lasmoradasdesanmartin.es\/en\/politica-de-cookies\/#breadcrumb","itemListElement":[{"@type":"ListItem","position":1,"name":"Portada","item":"https:\/\/lasmoradasdesanmartin.es\/en\/"},{"@type":"ListItem","position":2,"name":"Pol\u00edtica de cookies"}]},{"@type":"WebSite","@id":"https:\/\/lasmoradasdesanmartin.es\/en\/#website","url":"https:\/\/lasmoradasdesanmartin.es\/en\/","name":"Las Moradas de San Mart\u00edn","description":"Bodegas San Mart\u00edn. Vinos D.O. Madrid","publisher":{"@id":"https:\/\/lasmoradasdesanmartin.es\/en\/#organization"},"potentialAction":[{"@type":"SearchAction","target":{"@type":"EntryPoint","urlTemplate":"https:\/\/lasmoradasdesanmartin.es\/en\/?s={search_term_string}"},"query-input":{"@type":"PropertyValueSpecification","valueRequired":true,"valueName":"search_term_string"}}],"inLanguage":"en-US"},{"@type":"Organization","@id":"https:\/\/lasmoradasdesanmartin.es\/en\/#organization","name":"Las Moradas de San Mart\u00edn","url":"https:\/\/lasmoradasdesanmartin.es\/en\/","logo":{"@type":"ImageObject","inLanguage":"en-US","@id":"https:\/\/lasmoradasdesanmartin.es\/en\/#\/schema\/logo\/image\/","url":"https:\/\/lasmoradasdesanmartin.es\/en\/wp-content\/uploads\/sites\/3\/LogotipoLM.webp","contentUrl":"https:\/\/lasmoradasdesanmartin.es\/en\/wp-content\/uploads\/sites\/3\/LogotipoLM.webp","width":290,"height":55,"caption":"Las Moradas de San Mart\u00edn"},"image":{"@id":"https:\/\/lasmoradasdesanmartin.es\/en\/#\/schema\/logo\/image\/"}}]}},"_links":{"self":[{"href":"https:\/\/lasmoradasdesanmartin.es\/en\/wp-json\/wp\/v2\/pages\/768","targetHints":{"allow":["GET"]}}],"collection":[{"href":"https:\/\/lasmoradasdesanmartin.es\/en\/wp-json\/wp\/v2\/pages"}],"about":[{"href":"https:\/\/lasmoradasdesanmartin.es\/en\/wp-json\/wp\/v2\/types\/page"}],"author":[{"embeddable":true,"href":"https:\/\/lasmoradasdesanmartin.es\/en\/wp-json\/wp\/v2\/users\/1"}],"replies":[{"embeddable":true,"href":"https:\/\/lasmoradasdesanmartin.es\/en\/wp-json\/wp\/v2\/comments?post=768"}],"version-history":[{"count":0,"href":"https:\/\/lasmoradasdesanmartin.es\/en\/wp-json\/wp\/v2\/pages\/768\/revisions"}],"wp:attachment":[{"href":"https:\/\/lasmoradasdesanmartin.es\/en\/wp-json\/wp\/v2\/media?parent=768"}],"curies":[{"name":"wp","href":"https:\/\/api.w.org\/{rel}","templated":true}]}}