{"id":776,"date":"2023-01-30T12:35:49","date_gmt":"2023-01-30T11:35:49","guid":{"rendered":"https:\/\/lasmoradas.info68.es\/en\/?page_id=776"},"modified":"2023-01-30T12:36:53","modified_gmt":"2023-01-30T11:36:53","slug":"condiciones-de-venta","status":"publish","type":"page","link":"https:\/\/lasmoradasdesanmartin.es\/en\/condiciones-de-venta\/","title":{"rendered":"Condiciones de venta"},"content":{"rendered":"\t\t<div data-elementor-type=\"wp-page\" data-elementor-id=\"776\" class=\"elementor elementor-776\" data-elementor-post-type=\"page\">\n\t\t\t\t<div class=\"elementor-element elementor-element-dec35d2 e-flex e-con-boxed e-con e-parent\" data-id=\"dec35d2\" data-element_type=\"container\" data-e-type=\"container\">\n\t\t\t\t\t<div class=\"e-con-inner\">\n\t\t\t\t<div class=\"elementor-element elementor-element-062cc51 elementor-widget__width-inherit elementor-widget elementor-widget-heading\" data-id=\"062cc51\" data-element_type=\"widget\" data-e-type=\"widget\" data-widget_type=\"heading.default\">\n\t\t\t\t<div class=\"elementor-widget-container\">\n\t\t\t\t\t<h1 class=\"elementor-heading-title elementor-size-default\">Condiciones de venta<\/h1>\t\t\t\t<\/div>\n\t\t\t\t<\/div>\n\t\t\t\t<div class=\"elementor-element elementor-element-163f159 elementor-widget__width-initial elementor-widget elementor-widget-text-editor\" data-id=\"163f159\" data-element_type=\"widget\" data-e-type=\"widget\" data-widget_type=\"text-editor.default\">\n\t\t\t\t<div class=\"elementor-widget-container\">\n\t\t\t\t\t\t\t\t\t<h2>OBJETO DEL CONTRATO:<\/h2><p>Las presentes Condiciones, tienen por objeto regular el acceso y el r\u00e9gimen de adquisici\u00f3n de los productos facilitados por Bodega Las Moradas de San Mart\u00edn al usuario a trav\u00e9s de su p\u00e1gina Web, constituyendo el marco jur\u00eddico que desarrolla la relaci\u00f3n contractual. Los productos y contenidos, ser\u00e1n los que se encuentren a disposici\u00f3n del Usuario en la siguiente p\u00e1gina Web titularidad de Vi\u00f1edos de San Mart\u00edn, S.L.U. www.lasmoradasdesanmartin.es<\/p><p>Para cualquier reclamaci\u00f3n podr\u00e1 dirigirse a: Vi\u00f1edos de San Mart\u00edn, S.L.U. con CIF B82532375, est\u00e1 inscrita en el Registro Mercantil de Huesca, con domicilio social en Apdo. Correos, 25 28680, San Mart\u00edn de Valdeiglesias (Madrid), direcci\u00f3n de correo electr\u00f3nico:\u00a0<a href=\"mailto:bodega@lasmoradasdesanmartin.es\">bodega@lasmoradasdesanmartin.es<\/a>.<\/p><p>O a la direcci\u00f3n de correo electr\u00f3nico:\u00a0<a href=\"mailto:tienda@lasmoradasdesanmartin.es\">tienda@lasmoradasdesanmartin.es<\/a><\/p><h2>ACEPTACI\u00d3N Y DISPONIBILIDAD:<\/h2><p>Las presentes Condiciones, regulan la relaci\u00f3n jur\u00eddica derivada de los procesos de contrataci\u00f3n formalizados por los Usuarios a trav\u00e9s de la p\u00e1gina web de Bodega Las Moradas de San Mart\u00edn. Los Usuarios aceptan expresamente la adhesi\u00f3n plena y sin reservas a las presentes estipulaciones, en la versi\u00f3n publicada en Bodega Las Moradas de San Mart\u00edn en el momento en que el Usuario inicie un procedimiento de contrataci\u00f3n del producto y\/o contenidos en el que est\u00e1 interesado. Por tanto, el Usuario se compromete a leer atentamente las condiciones de contrataci\u00f3n, cada vez que proceda a la contrataci\u00f3n de alg\u00fan producto, dado que las mismas han podido ser objeto de modificaci\u00f3n desde la \u00faltima vez que accedi\u00f3.<\/p><p>Mediante la aceptaci\u00f3n de las presentes Condiciones Generales de contrataci\u00f3n el Usuario declara:<\/p><ol><li>Que es una persona con capacidad para contratar, mayor de edad.<\/li><li>Que ha le\u00eddo y acepta las presentes condiciones generales de contrataci\u00f3n.<\/li><\/ol><p>El Usuario tendr\u00e1 acceso siempre y en todo caso, con car\u00e1cter previo al inicio del procedimiento de contrataci\u00f3n de productos, a las condiciones de contrataci\u00f3n, pudiendo ser almacenadas y\/o reproducidas en un soporte duradero.<\/p><h2>MODIFICACI\u00d3N DE LAS CONDICIONES DE CONTRATACI\u00d3N:<\/h2><p>Bodega Las Moradas de San Mart\u00edn podr\u00e1 modificar las presentes estipulaciones siempre que exista causa o motivo suficiente para ello. Se entiende que existe causa o motivo suficiente para la modificaci\u00f3n, con car\u00e1cter enunciativo y no limitativo, cuando \u00e9sta tenga por finalidad:<\/p><p>Ampliar la gama o n\u00famero de productos que se ponen a disposici\u00f3n de los Usuarios o mejorar los existentes.<\/p><p>Modificar, sustituir o actualizar los precios de los productos que se ofrecen a trav\u00e9s de la p\u00e1gina Web cuando as\u00ed lo considere conveniente y haci\u00e9ndolo visible en la p\u00e1gina Web.<\/p><h2>FORMA DE PAGO:<\/h2><p>Los precios y tarifas aplicables a la contrataci\u00f3n por parte del usuario de los servicios, ser\u00e1n los que figuren en la p\u00e1gina Web titularidad de Vi\u00f1edos de San Mart\u00edn, S.L.U. www.lasmoradasdesanmartin.es, en el momento en el que el usuario acceda al servicio espec\u00edfico, y proceda a iniciar el proceso de contrataci\u00f3n.<\/p><p>Precios e Impuestos aplicados:<\/p><p>Los precios aplicables son los que figuran en la Web en el momento en que el cliente realiza su pedido. El precio de los productos que aparecen en la Web, incluye el Impuesto de Valor A\u00f1adido (IVA) correspondiente seg\u00fan el producto.<\/p><h2>FORMA DE ENVIO:<\/h2><h3>1. ZONA DE ENTREGA<\/h3><p>La venta de productos de Bodega Las Moradas de San Mart\u00edn solo est\u00e1 disponible en la pen\u00ednsula ib\u00e9rica, y los plazos de entrega se fijan entre 2 y 3 d\u00edas h\u00e1biles desde que se efect\u00faa la contrataci\u00f3n del pedido. El plazo de entrega empieza a contar desde las 9 de la ma\u00f1ana del siguiente d\u00eda laborable a la confirmaci\u00f3n del pedido.<\/p><h3>2. GASTOS DE ENV\u00cdO<\/h3><p>En Pen\u00ednsula los gastos de env\u00edo ser\u00e1n gratuitos. Los precios incluyen el IVA.<\/p><p>Las tarifas que se detallan en esta secci\u00f3n incluyen, adem\u00e1s del transporte de los productos solicitados, su embalaje en cajas especialmente dise\u00f1adas para transportar botellas.<\/p><h2>FORMAS DE PAGO:<\/h2><p>Tarjetas bancarias:<\/p><p>VISA.<\/p><p>MasterCard.<\/p><h2>CONDICIONES DE VENTA:<\/h2><p>Los precios y textos publicados en la p\u00e1gina www.lasmoradasdesanmartin.es est\u00e1n sujetos a variaciones sin previo aviso, inclusive especificaciones t\u00e9cnicas. Es obligaci\u00f3n del cliente comprobar la mercanc\u00eda que se le entrega.<\/p><p>En el caso de la compra de entradas para Visita a Bodega Las Moradas de San Mart\u00edn en cualquiera de las modalidades ofertadas, los tickets no podr\u00e1n ser devueltos.<\/p><p>El Usuario ser\u00e1 guiado en el tr\u00e1mite que debe seguirse para la celebraci\u00f3n del contrato, as\u00ed como para la identificaci\u00f3n y correcci\u00f3n de los datos que haya facilitado para la celebraci\u00f3n del contrato a trav\u00e9s de los formularios creados al efecto.<\/p><p>El Usuario acepta las presentes Condiciones Generales de Venta, que permanecer\u00e1n accesibles desde la p\u00e1gina Web.<\/p><p>El contrato se formaliza en lengua espa\u00f1ola, de acuerdo con las presentes Condiciones.<\/p><p>Las ofertas tendr\u00e1n la vigencia que se especifique en cada caso en la p\u00e1gina Web<\/p><p>El Usuario podr\u00e1 consultar las caracter\u00edsticas esenciales de cada producto a trav\u00e9s de su descripci\u00f3n en la p\u00e1gina Web.<\/p><h2>DEVOLUCIONES:<\/h2><h3>1. DERECHO DE DESISTIMIENTO<\/h3><p>El cliente tendr\u00e1 un m\u00e1ximo de 15 d\u00edas naturales desde la recepci\u00f3n del pedido para tramitar su devoluci\u00f3n, de acuerdo a la legislaci\u00f3n aplicable. Una vez superados estos 15 d\u00edas, Bodega Las Moradas de San Mart\u00edn no aceptar\u00e1 dicha devoluci\u00f3n.<\/p><p>Para la tramitaci\u00f3n de una devoluci\u00f3n, el usuario ha de ponerse en contacto con Bodega Las Moradas de San Mart\u00edn en el tel\u00e9fono 663 708 855, desde donde se proceder\u00e1 a realizar las gestiones necesarias, bajo las siguientes condiciones:<\/p><p>El producto deber\u00e1 devolverse en su embalaje y estado original, incluyendo el justificante de compra y el albar\u00e1n de entrega del producto, as\u00ed como el motivo de la devoluci\u00f3n.<\/p><p>La devoluci\u00f3n ha de remitirse a Bodega Las Moradas de San Mart\u00edn sita en Pago de Los Castillejos, Ctra. M-541, Km 4,7, 28680, San Mart\u00edn de Valdeiglesias\/Espa\u00f1a. Los gastos de devoluci\u00f3n ser\u00e1n asumidos por el cliente.<\/p><h3>2. DERECHO DE PRODUCTOS DEFECTUOSOS<\/h3><p>Si el producto no estuviese en condiciones \u00f3ptimas y\/o presentase alg\u00fan defecto por causa no imputable al usuario, podr\u00e1 ser devuelto en el plazo m\u00e1ximo de 15 d\u00edas naturales desde la recepci\u00f3n del pedido, procediendo a su sustituci\u00f3n. El usuario tendr\u00e1 derecho a reclamar, y que se le entregue, un producto igual, en perfecto estado. En el caso de que el producto no se encontrase disponible, la empresa proceder\u00e1 al reembolso del importe que el cliente haya abonado, incluidos los gastos de env\u00edo, de acuerdo a la forma de pago utilizada en la compra.<\/p><p>En el caso concreto de productos defectuosos, o que no se corresponden con el pedido realizado por el cliente, \u00e9ste no deber\u00e1 hacer frente a los costes de devoluci\u00f3n de dichos productos.<\/p><h3>3. REEMBOLSO<\/h3><p>Siempre que el usuario se haya ajustado a las condiciones anteriormente citadas, Bodega Las Moradas de San Mart\u00edn proceder\u00e1 al reembolso del precio abonado, correspondiente a los productos devueltos por el usuario. En caso de devoluci\u00f3n por desistimiento, Bodega Las Moradas de San Mart\u00edn no har\u00e1 frente a los costes de env\u00edo ni devoluci\u00f3n.<\/p><p>En caso de no ajustarse a los requisitos incluidos en las presentes Condiciones Generales, el usuario no tendr\u00e1 derecho a reembolso de cantidad alguna.<\/p><p>Si se tratase de una devoluci\u00f3n parcial, se le reembolsar\u00e1 al usuario la cantidad correspondiente por los productos devueltos.<\/p><p>Bodega Las Moradas de San Mart\u00edn proceder\u00e1 a la devoluci\u00f3n del pedido mediante el mismo m\u00e9todo de pago utilizado por el usuario para la adquisici\u00f3n, o en caso de no ser posible, por uno elegido por la bodega que garantice la indemnidad del usuario, en un plazo de 20 d\u00edas desde la recogida del producto y tras la comprobaci\u00f3n pertinente del estado de dicho producto.<\/p><h2>CONDICIONES DE LAS ENTRADAS PARA LA VISITA A BODEGA:<\/h2><p>La tenencia de entradas que impliquen la visita a Bodega Las Moradas de San Mart\u00edn entra\u00f1ar\u00e1 la aceptaci\u00f3n de las siguientes condiciones:<\/p><ol><li>Las entradas disponen de diferentes sistemas de seguridad. La admisi\u00f3n queda supeditada al hecho de disponer de la entrada completa en buenas condiciones. Toda entrada enmendada, rota o sospechosa de falsificaci\u00f3n autorizar\u00e1 a Bodega Las Moradas de San Mart\u00edn a privar del acceso al portador de la misma. La Bodega no garantiza la autenticidad de la entrada si no ha sido adquirida a trav\u00e9s de la web de Bodega Las Moradas de San Mart\u00edn. No est\u00e1 permitida la reventa de esta entrada.<\/li><li>Esta entrada constituye una licencia al portador para visitar Bodega Las Moradas de San Mart\u00edn y acceder por una sola vez a la misma. Es potestad del Organizador permitir la entrada del portador una vez comenzada la visita, ofreci\u00e9ndose en tal caso la posibilidad de formar parte de otra visita posterior de acuerdo a los horarios de Bodega Las Moradas de San Mart\u00edn, y siempre que la disponibilidad lo permita.<\/li><li>Una vez adquirida la entrada no ser\u00e1 cambiada ni devuelto su importe, excepto en caso de cancelaci\u00f3n del evento. En caso de anulaci\u00f3n total del acto o del cambio de fecha del mismo, Bodega Las Moradas de San Mart\u00edn se compromete a la devoluci\u00f3n del importe de esta entrada. La devoluci\u00f3n, en caso de cancelaci\u00f3n, se podr\u00e1 efectuar por el Organizador dentro del plazo de 15 d\u00edas desde la celebraci\u00f3n prevista. Las malas condiciones climatol\u00f3gicas y los cambios de horario solicitados por el usuario no dan derecho a devoluci\u00f3n del importe de la entrada.<\/li><li>Se reserva el derecho de admisi\u00f3n, condicionado al hecho de disponer de esta entrada completa y en buenas condiciones y de que el portador asuma y se obligue a respetar las normas de Bodega Las Moradas de San Mart\u00edn y de sus empleados, as\u00ed como cualquier condici\u00f3n exigible por motivos de seguridad general.<\/li><\/ol><ol start=\"5\"><li>Hall\u00e1ndose reservado el derecho de admisi\u00f3n, Bodega Las Moradas de San Mart\u00edn podr\u00e1 denegar el acceso a la misma o expulsar del recinto al portador en caso de incumplimiento de las indicaciones del personal de la organizaci\u00f3n, as\u00ed como en caso de que pueda racionalmente presumirse que se va a crear una situaci\u00f3n de riesgo o peligro para el propio portador u otros asistentes, de alboroto o por estados de intoxicaci\u00f3n aparente o potencial, responsabiliz\u00e1ndose el portador en todos los casos por sus propias acciones y omisiones que causen lesiones a terceros o da\u00f1os materiales.<\/li><li>Queda totalmente prohibida la entrada al recinto con bebidas o alimentos adquiridos fuera del mismo.<\/li><li>Todos los intentos de estafa, allanamiento y \/o por da\u00f1os a la propiedad privada causados directa o indirectamente a Bodega Las Moradas de San Mart\u00edn, autorizan a esta a tomar las medidas legales, tanto civiles como penales que estime oportunas contra los causantes.<\/li><li>Quedan reservados todos los derechos de imagen y de propiedad intelectual derivados del evento. El portador no podr\u00e1 en ninguna forma grabar ni reproducir los sonidos y\/o im\u00e1genes del evento ni de sus asistentes sin autorizaci\u00f3n escrita del Organizador.<\/li><li>La posesi\u00f3n de esta entrada no da derecho a su poseedor o a terceros a utilizar la misma, o su contenido, con fines publicitarios, de marketing o de promoci\u00f3n (incluidos concursos, regalos y\/o sorteos), asociada al poseedor de la entrada o a un tercero. El incumplimiento de este punto obligar\u00e1 al anunciante y\/o usuario no autorizado habilitar\u00e1 a Bodega Las Moradas de San Mart\u00edn a efectuar reclamaciones por da\u00f1os y perjuicios generales.<\/li><li>El acceso a Bodega Las Moradas de San Mart\u00edn comporta el consentimiento a ser tomado en fotograf\u00edas y otros medios de grabaci\u00f3n y\/o reproducci\u00f3n sin derecho a compensaci\u00f3n alguna por ello cualquiera que fuera su utilizaci\u00f3n posterior.<\/li><li>Bodega Las Moradas de San Mart\u00edn garantiza la protecci\u00f3n de sus datos personales, y se reserva el derecho de utilizar los datos facilitados para mejorar el sistema de ventas y cualesquiera otro fin leg\u00edtimo. La raz\u00f3n por la cual se solicitan es agilizar el proceso de compra. Cualquier reclamaci\u00f3n deber\u00e1 acompa\u00f1arse obligatoriamente con la presentaci\u00f3n de esta entrada.<\/li><li>Bodega Las Moradas de San Mart\u00edn en base a la tipolog\u00eda y\/o singularidad del mismo puede anular o modificar cualquiera de las anteriores condiciones, en cuyo caso lo pondr\u00e1 en conocimiento del p\u00fablico asistente por los canales que considere adecuados.<\/li><\/ol><h2>INFORMACI\u00d3N LEGAL Y PROTECCI\u00d3N DE DATOS<\/h2><p>Consulte aqu\u00ed los diferentes aspectos legales.<\/p><h2>PLATAFORMA DE RESOLUCI\u00d3N DE LITIGIOS EN L\u00cdNEA<\/h2><p>Conforme al art\u00edculo 14.1 del Reglamento 524\/2013 sobre resoluci\u00f3n de litigios en l\u00ednea en materia de consumo, le informamos de la existencia de una plataforma de resoluci\u00f3n de litigios en l\u00ednea facilitada por la Comisi\u00f3n Europea, as\u00ed como de la posibilidad de presentar su reclamaci\u00f3n a trav\u00e9s de la misma accediendo al siguiente enlace:<\/p><p><a href=\"https:\/\/ec.europa.eu\/consumers\/odr\/main\/index.cfm?event=main.home.chooseLanguage\">https:\/\/ec.europa.eu\/consumers\/odr\/main\/index.cfm?event=main.home.chooseLanguage<\/a><\/p><h2>OTRAS CUESTIONES, DUDAS Y PREGUNTAS<\/h2><p>Cons\u00faltenos a trav\u00e9s del email:\u00a0<a href=\"mailto:tienda@lasmoradasdesanmartin.es\">tienda@lasmoradasdesanmartin.es<\/a><\/p>\t\t\t\t\t\t\t\t<\/div>\n\t\t\t\t<\/div>\n\t\t\t\t\t<\/div>\n\t\t\t\t<\/div>\n\t\t\t\t<\/div>\n\t\t","protected":false},"excerpt":{"rendered":"<p>OBJETO DEL CONTRATO: Las presentes Condiciones, tienen por objeto regular el acceso y el r\u00e9gimen de adquisici\u00f3n de los productos facilitados por Bodega Las Moradas de San Mart\u00edn al usuario a trav\u00e9s de su p\u00e1gina Web, constituyendo el marco jur\u00eddico que desarrolla la relaci\u00f3n contractual. Los productos y contenidos, ser\u00e1n los que se encuentren a [&hellip;]<\/p>\n","protected":false},"author":1,"featured_media":0,"parent":0,"menu_order":0,"comment_status":"closed","ping_status":"closed","template":"elementor_header_footer","meta":{"footnotes":""},"class_list":["post-776","page","type-page","status-publish","hentry"],"yoast_head":"<!-- This site is optimized with the Yoast SEO plugin v27.5 - https:\/\/yoast.com\/product\/yoast-seo-wordpress\/ -->\n<title>Condiciones de venta - Las Moradas de San Mart\u00edn<\/title>\n<meta name=\"robots\" content=\"noindex, follow, max-snippet:-1, max-image-preview:large, max-video-preview:-1\" \/>\n<meta property=\"og:locale\" content=\"en_US\" \/>\n<meta property=\"og:type\" content=\"article\" \/>\n<meta property=\"og:title\" content=\"Condiciones de venta - Las Moradas de San Mart\u00edn\" \/>\n<meta property=\"og:description\" content=\"OBJETO DEL CONTRATO: Las presentes Condiciones, tienen por objeto regular el acceso y el r\u00e9gimen de adquisici\u00f3n de los productos facilitados por Bodega Las Moradas de San Mart\u00edn al usuario a trav\u00e9s de su p\u00e1gina Web, constituyendo el marco jur\u00eddico que desarrolla la relaci\u00f3n contractual. Los productos y contenidos, ser\u00e1n los que se encuentren a [&hellip;]\" \/>\n<meta property=\"og:url\" content=\"https:\/\/lasmoradasdesanmartin.es\/en\/condiciones-de-venta\/\" \/>\n<meta property=\"og:site_name\" content=\"Las Moradas de San Mart\u00edn\" \/>\n<meta property=\"article:modified_time\" content=\"2023-01-30T11:36:53+00:00\" \/>\n<meta name=\"twitter:card\" content=\"summary_large_image\" \/>\n<meta name=\"twitter:label1\" content=\"Est. reading time\" \/>\n\t<meta name=\"twitter:data1\" content=\"11 minutes\" \/>\n<script type=\"application\/ld+json\" class=\"yoast-schema-graph\">{\"@context\":\"https:\\\/\\\/schema.org\",\"@graph\":[{\"@type\":\"WebPage\",\"@id\":\"https:\\\/\\\/lasmoradasdesanmartin.es\\\/en\\\/condiciones-de-venta\\\/\",\"url\":\"https:\\\/\\\/lasmoradasdesanmartin.es\\\/en\\\/condiciones-de-venta\\\/\",\"name\":\"Condiciones de venta - Las Moradas de San Mart\u00edn\",\"isPartOf\":{\"@id\":\"https:\\\/\\\/lasmoradasdesanmartin.es\\\/en\\\/#website\"},\"datePublished\":\"2023-01-30T11:35:49+00:00\",\"dateModified\":\"2023-01-30T11:36:53+00:00\",\"breadcrumb\":{\"@id\":\"https:\\\/\\\/lasmoradasdesanmartin.es\\\/en\\\/condiciones-de-venta\\\/#breadcrumb\"},\"inLanguage\":\"en-US\",\"potentialAction\":[{\"@type\":\"ReadAction\",\"target\":[\"https:\\\/\\\/lasmoradasdesanmartin.es\\\/en\\\/condiciones-de-venta\\\/\"]}]},{\"@type\":\"BreadcrumbList\",\"@id\":\"https:\\\/\\\/lasmoradasdesanmartin.es\\\/en\\\/condiciones-de-venta\\\/#breadcrumb\",\"itemListElement\":[{\"@type\":\"ListItem\",\"position\":1,\"name\":\"Portada\",\"item\":\"https:\\\/\\\/lasmoradasdesanmartin.es\\\/en\\\/\"},{\"@type\":\"ListItem\",\"position\":2,\"name\":\"Condiciones de venta\"}]},{\"@type\":\"WebSite\",\"@id\":\"https:\\\/\\\/lasmoradasdesanmartin.es\\\/en\\\/#website\",\"url\":\"https:\\\/\\\/lasmoradasdesanmartin.es\\\/en\\\/\",\"name\":\"Las Moradas de San Mart\u00edn\",\"description\":\"Bodegas San Mart\u00edn. Vinos D.O. Madrid\",\"publisher\":{\"@id\":\"https:\\\/\\\/lasmoradasdesanmartin.es\\\/en\\\/#organization\"},\"potentialAction\":[{\"@type\":\"SearchAction\",\"target\":{\"@type\":\"EntryPoint\",\"urlTemplate\":\"https:\\\/\\\/lasmoradasdesanmartin.es\\\/en\\\/?s={search_term_string}\"},\"query-input\":{\"@type\":\"PropertyValueSpecification\",\"valueRequired\":true,\"valueName\":\"search_term_string\"}}],\"inLanguage\":\"en-US\"},{\"@type\":\"Organization\",\"@id\":\"https:\\\/\\\/lasmoradasdesanmartin.es\\\/en\\\/#organization\",\"name\":\"Las Moradas de San Mart\u00edn\",\"url\":\"https:\\\/\\\/lasmoradasdesanmartin.es\\\/en\\\/\",\"logo\":{\"@type\":\"ImageObject\",\"inLanguage\":\"en-US\",\"@id\":\"https:\\\/\\\/lasmoradasdesanmartin.es\\\/en\\\/#\\\/schema\\\/logo\\\/image\\\/\",\"url\":\"https:\\\/\\\/lasmoradasdesanmartin.es\\\/en\\\/wp-content\\\/uploads\\\/sites\\\/3\\\/LogotipoLM.webp\",\"contentUrl\":\"https:\\\/\\\/lasmoradasdesanmartin.es\\\/en\\\/wp-content\\\/uploads\\\/sites\\\/3\\\/LogotipoLM.webp\",\"width\":290,\"height\":55,\"caption\":\"Las Moradas de San Mart\u00edn\"},\"image\":{\"@id\":\"https:\\\/\\\/lasmoradasdesanmartin.es\\\/en\\\/#\\\/schema\\\/logo\\\/image\\\/\"}}]}<\/script>\n<!-- \/ Yoast SEO plugin. -->","yoast_head_json":{"title":"Condiciones de venta - Las Moradas de San Mart\u00edn","robots":{"index":"noindex","follow":"follow","max-snippet":"max-snippet:-1","max-image-preview":"max-image-preview:large","max-video-preview":"max-video-preview:-1"},"og_locale":"en_US","og_type":"article","og_title":"Condiciones de venta - Las Moradas de San Mart\u00edn","og_description":"OBJETO DEL CONTRATO: Las presentes Condiciones, tienen por objeto regular el acceso y el r\u00e9gimen de adquisici\u00f3n de los productos facilitados por Bodega Las Moradas de San Mart\u00edn al usuario a trav\u00e9s de su p\u00e1gina Web, constituyendo el marco jur\u00eddico que desarrolla la relaci\u00f3n contractual. Los productos y contenidos, ser\u00e1n los que se encuentren a [&hellip;]","og_url":"https:\/\/lasmoradasdesanmartin.es\/en\/condiciones-de-venta\/","og_site_name":"Las Moradas de San Mart\u00edn","article_modified_time":"2023-01-30T11:36:53+00:00","twitter_card":"summary_large_image","twitter_misc":{"Est. reading time":"11 minutes"},"schema":{"@context":"https:\/\/schema.org","@graph":[{"@type":"WebPage","@id":"https:\/\/lasmoradasdesanmartin.es\/en\/condiciones-de-venta\/","url":"https:\/\/lasmoradasdesanmartin.es\/en\/condiciones-de-venta\/","name":"Condiciones de venta - Las Moradas de San Mart\u00edn","isPartOf":{"@id":"https:\/\/lasmoradasdesanmartin.es\/en\/#website"},"datePublished":"2023-01-30T11:35:49+00:00","dateModified":"2023-01-30T11:36:53+00:00","breadcrumb":{"@id":"https:\/\/lasmoradasdesanmartin.es\/en\/condiciones-de-venta\/#breadcrumb"},"inLanguage":"en-US","potentialAction":[{"@type":"ReadAction","target":["https:\/\/lasmoradasdesanmartin.es\/en\/condiciones-de-venta\/"]}]},{"@type":"BreadcrumbList","@id":"https:\/\/lasmoradasdesanmartin.es\/en\/condiciones-de-venta\/#breadcrumb","itemListElement":[{"@type":"ListItem","position":1,"name":"Portada","item":"https:\/\/lasmoradasdesanmartin.es\/en\/"},{"@type":"ListItem","position":2,"name":"Condiciones de venta"}]},{"@type":"WebSite","@id":"https:\/\/lasmoradasdesanmartin.es\/en\/#website","url":"https:\/\/lasmoradasdesanmartin.es\/en\/","name":"Las Moradas de San Mart\u00edn","description":"Bodegas San Mart\u00edn. Vinos D.O. Madrid","publisher":{"@id":"https:\/\/lasmoradasdesanmartin.es\/en\/#organization"},"potentialAction":[{"@type":"SearchAction","target":{"@type":"EntryPoint","urlTemplate":"https:\/\/lasmoradasdesanmartin.es\/en\/?s={search_term_string}"},"query-input":{"@type":"PropertyValueSpecification","valueRequired":true,"valueName":"search_term_string"}}],"inLanguage":"en-US"},{"@type":"Organization","@id":"https:\/\/lasmoradasdesanmartin.es\/en\/#organization","name":"Las Moradas de San Mart\u00edn","url":"https:\/\/lasmoradasdesanmartin.es\/en\/","logo":{"@type":"ImageObject","inLanguage":"en-US","@id":"https:\/\/lasmoradasdesanmartin.es\/en\/#\/schema\/logo\/image\/","url":"https:\/\/lasmoradasdesanmartin.es\/en\/wp-content\/uploads\/sites\/3\/LogotipoLM.webp","contentUrl":"https:\/\/lasmoradasdesanmartin.es\/en\/wp-content\/uploads\/sites\/3\/LogotipoLM.webp","width":290,"height":55,"caption":"Las Moradas de San Mart\u00edn"},"image":{"@id":"https:\/\/lasmoradasdesanmartin.es\/en\/#\/schema\/logo\/image\/"}}]}},"_links":{"self":[{"href":"https:\/\/lasmoradasdesanmartin.es\/en\/wp-json\/wp\/v2\/pages\/776","targetHints":{"allow":["GET"]}}],"collection":[{"href":"https:\/\/lasmoradasdesanmartin.es\/en\/wp-json\/wp\/v2\/pages"}],"about":[{"href":"https:\/\/lasmoradasdesanmartin.es\/en\/wp-json\/wp\/v2\/types\/page"}],"author":[{"embeddable":true,"href":"https:\/\/lasmoradasdesanmartin.es\/en\/wp-json\/wp\/v2\/users\/1"}],"replies":[{"embeddable":true,"href":"https:\/\/lasmoradasdesanmartin.es\/en\/wp-json\/wp\/v2\/comments?post=776"}],"version-history":[{"count":0,"href":"https:\/\/lasmoradasdesanmartin.es\/en\/wp-json\/wp\/v2\/pages\/776\/revisions"}],"wp:attachment":[{"href":"https:\/\/lasmoradasdesanmartin.es\/en\/wp-json\/wp\/v2\/media?parent=776"}],"curies":[{"name":"wp","href":"https:\/\/api.w.org\/{rel}","templated":true}]}}